{"id":19,"date":"2011-07-20T01:12:09","date_gmt":"2011-07-20T07:12:09","guid":{"rendered":"http:\/\/valdescasociados.com\/blog\/?page_id=19"},"modified":"2011-07-21T17:17:14","modified_gmt":"2011-07-21T23:17:14","slug":"contacto","status":"publish","type":"page","link":"https:\/\/valdescasociados.com\/?page_id=19","title":{"rendered":"Ligas de Interes"},"content":{"rendered":"<p><em><strong>Nacionales<\/strong><\/em><br \/>\n<a href=\"http:\/\/www.sat.gob.mx\/\">SAT<\/a><br \/>\n<a href=\"http:\/\/www.shcp.gob.mx\/\" target=\"_blank\">SHCP<\/a><br \/>\n<a href=\"http:\/\/www.tff.gob.mx\/\" target=\"_blank\">Tribunal Federal de Justicia Fiscal y Administrativa<\/a><br \/>\n<a href=\"http:\/\/www.scjn.gob.mx\/\" target=\"_blank\">Suprema Corte de Justicia de la Naci\u00f3n<\/a><br \/>\n<a href=\"http:\/\/dof.gob.mx\/\" target=\"_blank\">Diario Oficial de la Federaci\u00f3n<\/a><br \/>\n<a href=\"http:\/\/www.bancodemexico.gob.mx\/\" target=\"_blank\">Banco de M\u00e9xico<\/a><\/p>\n<p><strong><em>Nacionales Privadas<\/em><\/strong><br \/>\n<a href=\"http:\/\/www.ccpm.org.mx\/\" target=\"_blank\">Colegio de Contadores P\u00fablicos de M\u00e9xico A.C.<\/a><br \/>\n<a href=\"http:\/\/www.aef.org.mx\/\" target=\"_blank\">Academia de Estudios Fiscales<\/a><br \/>\n<a href=\"http:\/\/www.ifamexico.com.mx\/\" target=\"_blank\">International Fiscal Association M\u00e9xico. IFA Grupo Mexicano, A.C.<\/a><br \/>\n<a href=\"http:\/\/www.imef.org.mx\/\" target=\"_blank\">Instituto Mexicano de Ejecutivos de Finanzas, A.C.<\/a><\/p>\n<p><em><strong>Internacionales<\/strong><\/em><br \/>\n<a href=\"http:\/\/www.oecd.org\/\" target=\"_blank\">Organizaci\u00f3n para la Cooperaci\u00f3n y Desarrollo Econ\u00f3mico<\/a><br \/>\n<a href=\"http:\/\/www.ifa.nl\/\" target=\"_blank\">International Fiscal Association<\/a><br \/>\n<a href=\"http:\/\/www.ibfd.nl\/\" target=\"_blank\">International Bureau of Fiscal Documentation<\/a><br \/>\n<a href=\"http:\/\/www.internationaltaxreview.com\/\" target=\"_blank\">International Tax Review<\/a><\/p>\n","protected":false},"excerpt":{"rendered":"<p>Nacionales SAT SHCP Tribunal Federal de Justicia Fiscal y Administrativa Suprema Corte de Justicia de la Naci\u00f3n Diario Oficial de la Federaci\u00f3n Banco de M\u00e9xico Nacionales Privadas Colegio de Contadores P\u00fablicos de M\u00e9xico A.C. Academia de Estudios Fiscales International Fiscal Association M\u00e9xico. IFA Grupo Mexicano, A.C. Instituto Mexicano de Ejecutivos de Finanzas, A.C. Internacionales Organizaci\u00f3n [&hellip;]<\/p>\n","protected":false},"author":2,"featured_media":0,"parent":0,"menu_order":4,"comment_status":"closed","ping_status":"closed","template":"","meta":{"footnotes":""},"class_list":["post-19","page","type-page","status-publish","hentry"],"_links":{"self":[{"href":"https:\/\/valdescasociados.com\/index.php?rest_route=\/wp\/v2\/pages\/19","targetHints":{"allow":["GET"]}}],"collection":[{"href":"https:\/\/valdescasociados.com\/index.php?rest_route=\/wp\/v2\/pages"}],"about":[{"href":"https:\/\/valdescasociados.com\/index.php?rest_route=\/wp\/v2\/types\/page"}],"author":[{"embeddable":true,"href":"https:\/\/valdescasociados.com\/index.php?rest_route=\/wp\/v2\/users\/2"}],"replies":[{"embeddable":true,"href":"https:\/\/valdescasociados.com\/index.php?rest_route=%2Fwp%2Fv2%2Fcomments&post=19"}],"version-history":[{"count":6,"href":"https:\/\/valdescasociados.com\/index.php?rest_route=\/wp\/v2\/pages\/19\/revisions"}],"predecessor-version":[{"id":182,"href":"https:\/\/valdescasociados.com\/index.php?rest_route=\/wp\/v2\/pages\/19\/revisions\/182"}],"wp:attachment":[{"href":"https:\/\/valdescasociados.com\/index.php?rest_route=%2Fwp%2Fv2%2Fmedia&parent=19"}],"curies":[{"name":"wp","href":"https:\/\/api.w.org\/{rel}","templated":true}]}}