{"id":17,"date":"2011-07-20T01:11:54","date_gmt":"2011-07-20T07:11:54","guid":{"rendered":"http:\/\/valdescasociados.com\/blog\/?page_id=17"},"modified":"2011-11-02T11:37:52","modified_gmt":"2011-11-02T17:37:52","slug":"areas-de-practica","status":"publish","type":"page","link":"https:\/\/valdescasociados.com\/?page_id=17","title":{"rendered":"Areas de Pr\u00e1ctica"},"content":{"rendered":"<p>&nbsp;<\/p>\n<ul>\n<li><strong>Derecho corporativo.<\/strong><\/li>\n<\/ul>\n<p>&nbsp;<\/p>\n<p><strong>+<\/strong> Buscando asesorar a empresas y sociedades con los tramites legales desde su fundaci\u00f3n, desarrollo y obligaciones que implica ostentarse como tales, adem\u00e1s de ayudar en futuros negocios y relaciones con socios, clientes y proveedores.<\/p>\n<p>&nbsp;<\/p>\n<p><strong>+<\/strong>\u00a0Ofrecemos los siguientes servicios como contratos de toda \u00edndole, Gobierno Corporativo, elaboraci\u00f3n de actas de asambleas; creaci\u00f3n de sociedades, liquidaci\u00f3n, fusi\u00f3n, escisi\u00f3n, cesi\u00f3n de acciones, asesor\u00eda en materia fiscal y estrategias fiscales, entre otros.<\/p>\n<p>&nbsp;<\/p>\n<ul>\n<li><strong>Litigio<\/strong><\/li>\n<\/ul>\n<p>Es el representar frente a un tercero imparcial un conflicto que debe de ser resuelto a favor de la ley y justicia. De las actividades mas importantes de nuestra sociedad es el asesoramiento legal, inicio y seguimiento de asuntos ante la autoridad en las siguientes ramas.<\/p>\n<p>&nbsp;<\/p>\n<p><strong>+<\/strong> Administrativo<\/p>\n<p>Consultor\u00eda en materia fiscal derivada de las relaciones entre empresario como particular y las dependencias de gobierno. Como impuestos, derechos y aprovechamientos que se tengan en convenio con el estado (IMSS, SAT, INFONAVIT,etc).<\/p>\n<p>&nbsp;<\/p>\n<p><strong>+<\/strong> Mercantil<\/p>\n<p>Ofrecer consultor\u00eda a todas las personas que han entablado relaciones con comerciantes como recuperaci\u00f3n de adeudos por t\u00edtulos de cr\u00e9dito y negociaciones.<\/p>\n<p>&nbsp;<\/p>\n<p><strong>+<\/strong> Civil<\/p>\n<p>Asistencia en el cumplimiento o recesi\u00f3n de contrato, arrendamientos, desahucio, juicio sumario civil, especial hipotecario, bienes y sucesiones, diligencias de jurisdicci\u00f3n voluntaria, etc.<\/p>\n<p>&nbsp;<\/p>\n<p><strong>+<\/strong> \u00a0Familiar<\/p>\n<p>Apoyar al cliente en caso de divorcios voluntarios y contenciosos, alimentos, rectificaci\u00f3n de actas y adopci\u00f3n.<\/p>\n<p>&nbsp;<\/p>\n<p><strong>+<\/strong> Laboral<\/p>\n<p>Asesorar a las diferentes empresas con actividades empresariales como reglamentos interiores de trabajo, liquidaciones, convenios y juicios ante la Junta Local y Federal de conciliacion y Arbitraje, ademas de la elaboracion de contratos.<\/p>\n<p>&nbsp;<\/p>\n<ul>\n<li><strong>Propiedad Intelectual<\/strong><\/li>\n<\/ul>\n<p><strong>\u00a0<\/strong><\/p>\n<p><strong>+<\/strong> Encauzar a las diferentes empresas a la protecci\u00f3n de marcas, patentes, dise\u00f1os industriales, as\u00ed como tramites y gesti\u00f3n ante el IMPI. Como tambi\u00e9n representar a nuestros clientes en juicios de Derechos de Autor, pirater\u00eda, etc.<\/p>\n","protected":false},"excerpt":{"rendered":"<p>&nbsp; Derecho corporativo. &nbsp; + Buscando asesorar a empresas y sociedades con los tramites legales desde su fundaci\u00f3n, desarrollo y obligaciones que implica ostentarse como tales, adem\u00e1s de ayudar en futuros negocios y relaciones con socios, clientes y proveedores. &nbsp; +\u00a0Ofrecemos los siguientes servicios como contratos de toda \u00edndole, Gobierno Corporativo, elaboraci\u00f3n de actas de [&hellip;]<\/p>\n","protected":false},"author":2,"featured_media":0,"parent":0,"menu_order":2,"comment_status":"closed","ping_status":"closed","template":"","meta":{"footnotes":""},"class_list":["post-17","page","type-page","status-publish","hentry"],"_links":{"self":[{"href":"https:\/\/valdescasociados.com\/index.php?rest_route=\/wp\/v2\/pages\/17","targetHints":{"allow":["GET"]}}],"collection":[{"href":"https:\/\/valdescasociados.com\/index.php?rest_route=\/wp\/v2\/pages"}],"about":[{"href":"https:\/\/valdescasociados.com\/index.php?rest_route=\/wp\/v2\/types\/page"}],"author":[{"embeddable":true,"href":"https:\/\/valdescasociados.com\/index.php?rest_route=\/wp\/v2\/users\/2"}],"replies":[{"embeddable":true,"href":"https:\/\/valdescasociados.com\/index.php?rest_route=%2Fwp%2Fv2%2Fcomments&post=17"}],"version-history":[{"count":8,"href":"https:\/\/valdescasociados.com\/index.php?rest_route=\/wp\/v2\/pages\/17\/revisions"}],"predecessor-version":[{"id":199,"href":"https:\/\/valdescasociados.com\/index.php?rest_route=\/wp\/v2\/pages\/17\/revisions\/199"}],"wp:attachment":[{"href":"https:\/\/valdescasociados.com\/index.php?rest_route=%2Fwp%2Fv2%2Fmedia&parent=17"}],"curies":[{"name":"wp","href":"https:\/\/api.w.org\/{rel}","templated":true}]}}